{"id":6040,"date":"2023-06-01T03:29:22","date_gmt":"2023-06-01T03:29:22","guid":{"rendered":"https:\/\/glomersa.com\/?page_id=6040"},"modified":"2023-10-08T02:12:36","modified_gmt":"2023-10-08T02:12:36","slug":"caninos-2","status":"publish","type":"page","link":"https:\/\/glomersa.com\/index.php\/projects\/caninos-2\/","title":{"rendered":"Felinos"},"content":{"rendered":"\t\t<div data-elementor-type=\"wp-page\" data-elementor-id=\"6040\" class=\"elementor elementor-6040\">\n\t\t\t\t\t\t<section class=\"elementor-section elementor-top-section elementor-element elementor-element-a8ee647 elementor-section-boxed elementor-section-height-default elementor-section-height-default\" data-id=\"a8ee647\" data-element_type=\"section\" data-e-type=\"section\">\n\t\t\t\t\t\t<div class=\"elementor-container elementor-column-gap-default\">\n\t\t\t\t\t<div class=\"elementor-column elementor-col-100 elementor-top-column elementor-element elementor-element-8caf067\" data-id=\"8caf067\" data-element_type=\"column\" data-e-type=\"column\">\n\t\t\t<div class=\"elementor-widget-wrap elementor-element-populated\">\n\t\t\t\t\t\t<section class=\"elementor-section elementor-inner-section elementor-element elementor-element-47fb003 elementor-section-full_width elementor-section-height-full elementor-section-height-default\" data-id=\"47fb003\" data-element_type=\"section\" data-e-type=\"section\">\n\t\t\t\t\t\t<div class=\"elementor-container elementor-column-gap-default\">\n\t\t\t\t\t<div class=\"elementor-column elementor-col-100 elementor-inner-column elementor-element elementor-element-83508c6\" data-id=\"83508c6\" data-element_type=\"column\" data-e-type=\"column\">\n\t\t\t<div class=\"elementor-widget-wrap elementor-element-populated\">\n\t\t\t\t\t\t<div class=\"elementor-element elementor-element-664ea54 elementor-widget__width-inherit elementor-widget elementor-widget-image\" data-id=\"664ea54\" data-element_type=\"widget\" data-e-type=\"widget\" data-widget_type=\"image.default\">\n\t\t\t\t<div class=\"elementor-widget-container\">\n\t\t\t\t\t\t\t\t\t\t\t\t\t\t\t<img fetchpriority=\"high\" decoding=\"async\" width=\"1900\" height=\"627\" src=\"https:\/\/glomersa.com\/wp-content\/uploads\/2023\/06\/banner-web-felino.png\" class=\"attachment-full size-full wp-image-6552\" alt=\"\" srcset=\"https:\/\/glomersa.com\/wp-content\/uploads\/2023\/06\/banner-web-felino.png 1900w, https:\/\/glomersa.com\/wp-content\/uploads\/2023\/06\/banner-web-felino-300x99.png 300w, https:\/\/glomersa.com\/wp-content\/uploads\/2023\/06\/banner-web-felino-1024x338.png 1024w, https:\/\/glomersa.com\/wp-content\/uploads\/2023\/06\/banner-web-felino-768x253.png 768w, https:\/\/glomersa.com\/wp-content\/uploads\/2023\/06\/banner-web-felino-1536x507.png 1536w, https:\/\/glomersa.com\/wp-content\/uploads\/2023\/06\/banner-web-felino-600x198.png 600w\" sizes=\"(max-width: 1900px) 100vw, 1900px\" \/>\t\t\t\t\t\t\t\t\t\t\t\t\t\t\t<\/div>\n\t\t\t\t<\/div>\n\t\t\t\t<div class=\"elementor-element elementor-element-21ffbb4 elementor-widget elementor-widget-text-editor\" data-id=\"21ffbb4\" data-element_type=\"widget\" data-e-type=\"widget\" data-widget_type=\"text-editor.default\">\n\t\t\t\t<div class=\"elementor-widget-container\">\n\t\t\t\t\t\t\t\t\t<p class=\"p1\">La gama de alimentos DEXTER ha sido desarrollada por nuestros especialistas en nutrici\u00f3n para la satisfacci\u00f3n de los paladares m\u00e1s exquisitos. Ofrece una gran variedad de recetas\u00a0para cubrir todas las necesidades nutricionales en las diferentes\u00a0etapas y estilo de vida de nuestras mascotas.\u00a0Elaborados con un aporte adecuado de prote\u00ednas y grasas y la combinaci\u00f3n exacta de vitaminas y minerales. Contiene una\u00a0gran variedad de los mejores ingredientes para potenciar la\u00a0vitalidad y favorecer la digesti\u00f3n.<\/p><p class=\"p1\">Con DEXTER le proporcionar\u00e1s una alimentaci\u00f3n sana,\u00a0equilibrada y apetitosa.<\/p>\t\t\t\t\t\t\t\t<\/div>\n\t\t\t\t<\/div>\n\t\t\t\t\t<\/div>\n\t\t<\/div>\n\t\t\t\t\t<\/div>\n\t\t<\/section>\n\t\t\t\t\t<\/div>\n\t\t<\/div>\n\t\t\t\t\t<\/div>\n\t\t<\/section>\n\t\t\t\t<section class=\"elementor-section elementor-top-section elementor-element elementor-element-ed647ae elementor-section-boxed elementor-section-height-default elementor-section-height-default\" data-id=\"ed647ae\" data-element_type=\"section\" data-e-type=\"section\">\n\t\t\t\t\t\t<div class=\"elementor-container elementor-column-gap-default\">\n\t\t\t\t\t<div class=\"elementor-column elementor-col-100 elementor-top-column elementor-element elementor-element-a20a01c\" data-id=\"a20a01c\" data-element_type=\"column\" data-e-type=\"column\">\n\t\t\t<div class=\"elementor-widget-wrap elementor-element-populated\">\n\t\t\t\t\t\t<div class=\"elementor-element elementor-element-61a647b elementor-widget elementor-widget-image\" data-id=\"61a647b\" data-element_type=\"widget\" data-e-type=\"widget\" data-widget_type=\"image.default\">\n\t\t\t\t<div class=\"elementor-widget-container\">\n\t\t\t\t\t\t\t\t\t\t\t\t\t\t\t\t<a href=\"https:\/\/glomersa.com\/wp-content\/uploads\/2023\/06\/cats.png\">\n\t\t\t\t\t\t\t<img decoding=\"async\" width=\"600\" height=\"600\" src=\"https:\/\/glomersa.com\/wp-content\/uploads\/2023\/06\/cat1-600x600.png\" class=\"attachment-woocommerce_single size-woocommerce_single wp-image-6652\" alt=\"\" srcset=\"https:\/\/glomersa.com\/wp-content\/uploads\/2023\/06\/cat1-600x600.png 600w, https:\/\/glomersa.com\/wp-content\/uploads\/2023\/06\/cat1-300x300.png 300w, https:\/\/glomersa.com\/wp-content\/uploads\/2023\/06\/cat1-1024x1024.png 1024w, https:\/\/glomersa.com\/wp-content\/uploads\/2023\/06\/cat1-150x150.png 150w, https:\/\/glomersa.com\/wp-content\/uploads\/2023\/06\/cat1-768x768.png 768w, https:\/\/glomersa.com\/wp-content\/uploads\/2023\/06\/cat1-100x100.png 100w, https:\/\/glomersa.com\/wp-content\/uploads\/2023\/06\/cat1.png 1250w\" sizes=\"(max-width: 600px) 100vw, 600px\" \/>\t\t\t\t\t\t\t\t<\/a>\n\t\t\t\t\t\t\t\t\t\t\t\t\t\t\t<\/div>\n\t\t\t\t<\/div>\n\t\t\t\t<section class=\"elementor-section elementor-inner-section elementor-element elementor-element-94c1148 elementor-section-boxed elementor-section-height-default elementor-section-height-default\" data-id=\"94c1148\" data-element_type=\"section\" data-e-type=\"section\">\n\t\t\t\t\t\t<div class=\"elementor-container elementor-column-gap-default\">\n\t\t\t\t\t<div class=\"elementor-column elementor-col-100 elementor-inner-column elementor-element elementor-element-3e1b112\" data-id=\"3e1b112\" data-element_type=\"column\" data-e-type=\"column\">\n\t\t\t<div class=\"elementor-widget-wrap elementor-element-populated\">\n\t\t\t\t\t\t<div class=\"elementor-element elementor-element-f918739 elementor-widget elementor-widget-text-editor\" data-id=\"f918739\" data-element_type=\"widget\" data-e-type=\"widget\" data-widget_type=\"text-editor.default\">\n\t\t\t\t<div class=\"elementor-widget-container\">\n\t\t\t\t\t\t\t\t\t<p>CATS<\/p>\t\t\t\t\t\t\t\t<\/div>\n\t\t\t\t<\/div>\n\t\t\t\t\t<\/div>\n\t\t<\/div>\n\t\t\t\t\t<\/div>\n\t\t<\/section>\n\t\t\t\t\t<\/div>\n\t\t<\/div>\n\t\t\t\t\t<\/div>\n\t\t<\/section>\n\t\t\t\t<\/div>\n\t\t","protected":false},"excerpt":{"rendered":"<p>La gama de alimentos DEXTER ha sido desarrollada por nuestros especialistas en nutrici\u00f3n para la satisfacci\u00f3n de los paladares m\u00e1s exquisitos. Ofrece una gran variedad de recetas\u00a0para cubrir todas las necesidades nutricionales en las diferentes\u00a0etapas y estilo de vida de nuestras mascotas.\u00a0Elaborados con un aporte adecuado de prote\u00ednas y grasas y la combinaci\u00f3n exacta de [&hellip;]<\/p>\n","protected":false},"author":1,"featured_media":0,"parent":5482,"menu_order":0,"comment_status":"closed","ping_status":"closed","template":"","meta":{"site-sidebar-layout":"no-sidebar","site-content-layout":"page-builder","ast-site-content-layout":"","site-content-style":"default","site-sidebar-style":"default","ast-global-header-display":"","ast-banner-title-visibility":"","ast-main-header-display":"","ast-hfb-above-header-display":"","ast-hfb-below-header-display":"","ast-hfb-mobile-header-display":"","site-post-title":"disabled","ast-breadcrumbs-content":"","ast-featured-img":"disabled","footer-sml-layout":"","theme-transparent-header-meta":"","adv-header-id-meta":"","stick-header-meta":"","header-above-stick-meta":"","header-main-stick-meta":"","header-below-stick-meta":"","astra-migrate-meta-layouts":"default","ast-page-background-enabled":"default","ast-page-background-meta":{"desktop":{"background-color":"","background-image":"","background-repeat":"repeat","background-position":"center center","background-size":"auto","background-attachment":"scroll","background-type":"","background-media":"","overlay-type":"","overlay-color":"","overlay-opacity":"","overlay-gradient":""},"tablet":{"background-color":"","background-image":"","background-repeat":"repeat","background-position":"center center","background-size":"auto","background-attachment":"scroll","background-type":"","background-media":"","overlay-type":"","overlay-color":"","overlay-opacity":"","overlay-gradient":""},"mobile":{"background-color":"","background-image":"","background-repeat":"repeat","background-position":"center center","background-size":"auto","background-attachment":"scroll","background-type":"","background-media":"","overlay-type":"","overlay-color":"","overlay-opacity":"","overlay-gradient":""}},"ast-content-background-meta":{"desktop":{"background-color":"var(--ast-global-color-5)","background-image":"","background-repeat":"repeat","background-position":"center center","background-size":"auto","background-attachment":"scroll","background-type":"","background-media":"","overlay-type":"","overlay-color":"","overlay-opacity":"","overlay-gradient":""},"tablet":{"background-color":"var(--ast-global-color-5)","background-image":"","background-repeat":"repeat","background-position":"center center","background-size":"auto","background-attachment":"scroll","background-type":"","background-media":"","overlay-type":"","overlay-color":"","overlay-opacity":"","overlay-gradient":""},"mobile":{"background-color":"var(--ast-global-color-5)","background-image":"","background-repeat":"repeat","background-position":"center center","background-size":"auto","background-attachment":"scroll","background-type":"","background-media":"","overlay-type":"","overlay-color":"","overlay-opacity":"","overlay-gradient":""}},"_joinchat":[],"footnotes":""},"class_list":["post-6040","page","type-page","status-publish","hentry"],"_links":{"self":[{"href":"https:\/\/glomersa.com\/index.php\/wp-json\/wp\/v2\/pages\/6040","targetHints":{"allow":["GET"]}}],"collection":[{"href":"https:\/\/glomersa.com\/index.php\/wp-json\/wp\/v2\/pages"}],"about":[{"href":"https:\/\/glomersa.com\/index.php\/wp-json\/wp\/v2\/types\/page"}],"author":[{"embeddable":true,"href":"https:\/\/glomersa.com\/index.php\/wp-json\/wp\/v2\/users\/1"}],"replies":[{"embeddable":true,"href":"https:\/\/glomersa.com\/index.php\/wp-json\/wp\/v2\/comments?post=6040"}],"version-history":[{"count":107,"href":"https:\/\/glomersa.com\/index.php\/wp-json\/wp\/v2\/pages\/6040\/revisions"}],"predecessor-version":[{"id":6968,"href":"https:\/\/glomersa.com\/index.php\/wp-json\/wp\/v2\/pages\/6040\/revisions\/6968"}],"up":[{"embeddable":true,"href":"https:\/\/glomersa.com\/index.php\/wp-json\/wp\/v2\/pages\/5482"}],"wp:attachment":[{"href":"https:\/\/glomersa.com\/index.php\/wp-json\/wp\/v2\/media?parent=6040"}],"curies":[{"name":"wp","href":"https:\/\/api.w.org\/{rel}","templated":true}]}}