{"id":6062,"date":"2023-06-01T04:42:20","date_gmt":"2023-06-01T04:42:20","guid":{"rendered":"https:\/\/glomersa.com\/?page_id=6062"},"modified":"2024-10-01T20:06:36","modified_gmt":"2024-10-01T20:06:36","slug":"performance","status":"publish","type":"page","link":"https:\/\/glomersa.com\/index.php\/performance\/","title":{"rendered":"Performance"},"content":{"rendered":"\t\t<div data-elementor-type=\"wp-page\" data-elementor-id=\"6062\" class=\"elementor elementor-6062\">\n\t\t\t\t\t\t<section class=\"elementor-section elementor-top-section elementor-element elementor-element-9a49258 elementor-section-full_width elementor-section-height-default elementor-section-height-default\" data-id=\"9a49258\" data-element_type=\"section\" data-e-type=\"section\">\n\t\t\t\t\t\t<div class=\"elementor-container elementor-column-gap-no\">\n\t\t\t\t\t<div class=\"elementor-column elementor-col-100 elementor-top-column elementor-element elementor-element-be2c55d\" data-id=\"be2c55d\" data-element_type=\"column\" data-e-type=\"column\">\n\t\t\t<div class=\"elementor-widget-wrap elementor-element-populated\">\n\t\t\t\t\t\t<div class=\"elementor-element elementor-element-97c6e10 elementor-widget elementor-widget-image\" data-id=\"97c6e10\" data-element_type=\"widget\" data-e-type=\"widget\" data-widget_type=\"image.default\">\n\t\t\t\t<div class=\"elementor-widget-container\">\n\t\t\t\t\t\t\t\t\t\t\t\t\t\t\t<img fetchpriority=\"high\" decoding=\"async\" width=\"2560\" height=\"1294\" src=\"https:\/\/glomersa.com\/wp-content\/uploads\/2024\/09\/PHOTO-2023-06-10-00-50-49-1-scaled.jpg\" class=\"attachment-full size-full wp-image-7926\" alt=\"\" srcset=\"https:\/\/glomersa.com\/wp-content\/uploads\/2024\/09\/PHOTO-2023-06-10-00-50-49-1-scaled.jpg 2560w, https:\/\/glomersa.com\/wp-content\/uploads\/2024\/09\/PHOTO-2023-06-10-00-50-49-1-300x152.jpg 300w, https:\/\/glomersa.com\/wp-content\/uploads\/2024\/09\/PHOTO-2023-06-10-00-50-49-1-1024x518.jpg 1024w, https:\/\/glomersa.com\/wp-content\/uploads\/2024\/09\/PHOTO-2023-06-10-00-50-49-1-768x388.jpg 768w, https:\/\/glomersa.com\/wp-content\/uploads\/2024\/09\/PHOTO-2023-06-10-00-50-49-1-1536x777.jpg 1536w, https:\/\/glomersa.com\/wp-content\/uploads\/2024\/09\/PHOTO-2023-06-10-00-50-49-1-2048x1035.jpg 2048w, https:\/\/glomersa.com\/wp-content\/uploads\/2024\/09\/PHOTO-2023-06-10-00-50-49-1-600x303.jpg 600w\" sizes=\"(max-width: 2560px) 100vw, 2560px\" \/>\t\t\t\t\t\t\t\t\t\t\t\t\t\t\t<\/div>\n\t\t\t\t<\/div>\n\t\t\t\t\t<\/div>\n\t\t<\/div>\n\t\t\t\t\t<\/div>\n\t\t<\/section>\n\t\t\t\t<section class=\"elementor-section elementor-top-section elementor-element elementor-element-6833292 elementor-section-boxed elementor-section-height-default elementor-section-height-default\" data-id=\"6833292\" data-element_type=\"section\" data-e-type=\"section\">\n\t\t\t\t\t\t<div class=\"elementor-container elementor-column-gap-default\">\n\t\t\t\t\t<div class=\"elementor-column elementor-col-100 elementor-top-column elementor-element elementor-element-33e7ec3\" data-id=\"33e7ec3\" data-element_type=\"column\" data-e-type=\"column\">\n\t\t\t<div class=\"elementor-widget-wrap elementor-element-populated\">\n\t\t\t\t\t\t<div class=\"elementor-element elementor-element-828c2e9 elementor-widget elementor-widget-text-editor\" data-id=\"828c2e9\" data-element_type=\"widget\" data-e-type=\"widget\" data-widget_type=\"text-editor.default\">\n\t\t\t\t<div class=\"elementor-widget-container\">\n\t\t\t\t\t\t\t\t\t<p>Sport Mix<\/p>\t\t\t\t\t\t\t\t<\/div>\n\t\t\t\t<\/div>\n\t\t\t\t\t<\/div>\n\t\t<\/div>\n\t\t\t\t\t<\/div>\n\t\t<\/section>\n\t\t\t\t<section class=\"elementor-section elementor-top-section elementor-element elementor-element-29a8750 elementor-section-boxed elementor-section-height-default elementor-section-height-default\" data-id=\"29a8750\" data-element_type=\"section\" data-e-type=\"section\">\n\t\t\t\t\t\t<div class=\"elementor-container elementor-column-gap-default\">\n\t\t\t\t\t<div class=\"elementor-column elementor-col-50 elementor-top-column elementor-element elementor-element-2bded17\" data-id=\"2bded17\" data-element_type=\"column\" data-e-type=\"column\">\n\t\t\t<div class=\"elementor-widget-wrap elementor-element-populated\">\n\t\t\t\t\t\t<div class=\"elementor-element elementor-element-a10dd15 elementor-widget elementor-widget-image\" data-id=\"a10dd15\" data-element_type=\"widget\" data-e-type=\"widget\" data-widget_type=\"image.default\">\n\t\t\t\t<div class=\"elementor-widget-container\">\n\t\t\t\t\t\t\t\t\t\t\t\t\t\t\t\t<a href=\"https:\/\/glomersa.com\/wp-content\/uploads\/2023\/06\/CATALOGO-sport-mix.pdf\">\n\t\t\t\t\t\t\t<img decoding=\"async\" width=\"607\" height=\"756\" src=\"https:\/\/glomersa.com\/wp-content\/uploads\/2023\/06\/performance-sport-mix-1.png\" class=\"attachment-large size-large wp-image-6252\" alt=\"\" srcset=\"https:\/\/glomersa.com\/wp-content\/uploads\/2023\/06\/performance-sport-mix-1.png 607w, https:\/\/glomersa.com\/wp-content\/uploads\/2023\/06\/performance-sport-mix-1-241x300.png 241w, https:\/\/glomersa.com\/wp-content\/uploads\/2023\/06\/performance-sport-mix-1-600x747.png 600w\" sizes=\"(max-width: 607px) 100vw, 607px\" \/>\t\t\t\t\t\t\t\t<\/a>\n\t\t\t\t\t\t\t\t\t\t\t\t\t\t\t<\/div>\n\t\t\t\t<\/div>\n\t\t\t\t\t<\/div>\n\t\t<\/div>\n\t\t\t\t<div class=\"elementor-column elementor-col-50 elementor-top-column elementor-element elementor-element-aa817c1\" data-id=\"aa817c1\" data-element_type=\"column\" data-e-type=\"column\">\n\t\t\t<div class=\"elementor-widget-wrap elementor-element-populated\">\n\t\t\t\t\t\t<div class=\"elementor-element elementor-element-0b39a1c elementor-widget elementor-widget-text-editor\" data-id=\"0b39a1c\" data-element_type=\"widget\" data-e-type=\"widget\" data-widget_type=\"text-editor.default\">\n\t\t\t\t<div class=\"elementor-widget-container\">\n\t\t\t\t\t\t\t\t\t<p>Alimento multipart\u00edcula tanto para caballos que practiquen cualquier modalidad deportiva, como para caballos de recreo. Ideal para las escuelas de equitaci\u00f3n e h\u00edpicas ya que aporta la energ\u00eda, los nutrientes y los complementos necesarios para la actividad que estas desarrollan. Tambi\u00e9n adecuado como raci\u00f3n de base para modalidades deportivas de cualquier nivel complementando con el forraje adecuado.<\/p><p>Formato: 20 kg<\/p><p>COMPOSICI\u00d3N<\/p><p>Salvado de trigo, Harina de forraje de alfalfa, veza, festuca y ray-grass, Avena, Copos de ma\u00edz*, Copos de cebada, Vainas de algarroba secas, Salvado de avena, Aceite vegetal de palma, Carbonato c\u00e1lcico, Cebada, Cloruro de sodio, Melaza de ca\u00f1a de az\u00facar.<\/p><p>*Modificado gen\u00e9ticamente.<\/p>\t\t\t\t\t\t\t\t<\/div>\n\t\t\t\t<\/div>\n\t\t\t\t\t<\/div>\n\t\t<\/div>\n\t\t\t\t\t<\/div>\n\t\t<\/section>\n\t\t\t\t<section class=\"elementor-section elementor-top-section elementor-element elementor-element-6496296 elementor-section-boxed elementor-section-height-default elementor-section-height-default\" data-id=\"6496296\" data-element_type=\"section\" data-e-type=\"section\">\n\t\t\t\t\t\t<div class=\"elementor-container elementor-column-gap-default\">\n\t\t\t\t\t<div class=\"elementor-column elementor-col-100 elementor-top-column elementor-element elementor-element-06c57d8\" data-id=\"06c57d8\" data-element_type=\"column\" data-e-type=\"column\">\n\t\t\t<div class=\"elementor-widget-wrap elementor-element-populated\">\n\t\t\t\t\t\t<div class=\"elementor-element elementor-element-ee1a72b elementor-align-center elementor-widget elementor-widget-button\" data-id=\"ee1a72b\" data-element_type=\"widget\" data-e-type=\"widget\" data-widget_type=\"button.default\">\n\t\t\t\t<div class=\"elementor-widget-container\">\n\t\t\t\t\t\t\t\t\t<div class=\"elementor-button-wrapper\">\n\t\t\t\t\t<a class=\"elementor-button elementor-button-link elementor-size-sm\" href=\"https:\/\/glomersa.com\/wp-content\/uploads\/2024\/10\/Tabla-de-disciplina.pdf\">\n\t\t\t\t\t\t<span class=\"elementor-button-content-wrapper\">\n\t\t\t\t\t\t\t\t\t<span class=\"elementor-button-text\">TABLA DE DISCIPLINA<\/span>\n\t\t\t\t\t<\/span>\n\t\t\t\t\t<\/a>\n\t\t\t\t<\/div>\n\t\t\t\t\t\t\t\t<\/div>\n\t\t\t\t<\/div>\n\t\t\t\t\t<\/div>\n\t\t<\/div>\n\t\t\t\t\t<\/div>\n\t\t<\/section>\n\t\t\t\t<\/div>\n\t\t","protected":false},"excerpt":{"rendered":"<p>Sport Mix Alimento multipart\u00edcula tanto para caballos que practiquen cualquier modalidad deportiva, como para caballos de recreo. Ideal para las escuelas de equitaci\u00f3n e h\u00edpicas ya que aporta la energ\u00eda, los nutrientes y los complementos necesarios para la actividad que estas desarrollan. Tambi\u00e9n adecuado como raci\u00f3n de base para modalidades deportivas de cualquier nivel complementando [&hellip;]<\/p>\n","protected":false},"author":1,"featured_media":0,"parent":0,"menu_order":0,"comment_status":"closed","ping_status":"closed","template":"","meta":{"site-sidebar-layout":"no-sidebar","site-content-layout":"page-builder","ast-site-content-layout":"","site-content-style":"default","site-sidebar-style":"default","ast-global-header-display":"","ast-banner-title-visibility":"","ast-main-header-display":"","ast-hfb-above-header-display":"","ast-hfb-below-header-display":"","ast-hfb-mobile-header-display":"","site-post-title":"disabled","ast-breadcrumbs-content":"","ast-featured-img":"disabled","footer-sml-layout":"","theme-transparent-header-meta":"","adv-header-id-meta":"","stick-header-meta":"","header-above-stick-meta":"","header-main-stick-meta":"","header-below-stick-meta":"","astra-migrate-meta-layouts":"default","ast-page-background-enabled":"default","ast-page-background-meta":{"desktop":{"background-color":"","background-image":"","background-repeat":"repeat","background-position":"center center","background-size":"auto","background-attachment":"scroll","background-type":"","background-media":"","overlay-type":"","overlay-color":"","overlay-opacity":"","overlay-gradient":""},"tablet":{"background-color":"","background-image":"","background-repeat":"repeat","background-position":"center center","background-size":"auto","background-attachment":"scroll","background-type":"","background-media":"","overlay-type":"","overlay-color":"","overlay-opacity":"","overlay-gradient":""},"mobile":{"background-color":"","background-image":"","background-repeat":"repeat","background-position":"center center","background-size":"auto","background-attachment":"scroll","background-type":"","background-media":"","overlay-type":"","overlay-color":"","overlay-opacity":"","overlay-gradient":""}},"ast-content-background-meta":{"desktop":{"background-color":"var(--ast-global-color-5)","background-image":"","background-repeat":"repeat","background-position":"center center","background-size":"auto","background-attachment":"scroll","background-type":"","background-media":"","overlay-type":"","overlay-color":"","overlay-opacity":"","overlay-gradient":""},"tablet":{"background-color":"var(--ast-global-color-5)","background-image":"","background-repeat":"repeat","background-position":"center center","background-size":"auto","background-attachment":"scroll","background-type":"","background-media":"","overlay-type":"","overlay-color":"","overlay-opacity":"","overlay-gradient":""},"mobile":{"background-color":"var(--ast-global-color-5)","background-image":"","background-repeat":"repeat","background-position":"center center","background-size":"auto","background-attachment":"scroll","background-type":"","background-media":"","overlay-type":"","overlay-color":"","overlay-opacity":"","overlay-gradient":""}},"_joinchat":[],"footnotes":""},"class_list":["post-6062","page","type-page","status-publish","hentry"],"_links":{"self":[{"href":"https:\/\/glomersa.com\/index.php\/wp-json\/wp\/v2\/pages\/6062","targetHints":{"allow":["GET"]}}],"collection":[{"href":"https:\/\/glomersa.com\/index.php\/wp-json\/wp\/v2\/pages"}],"about":[{"href":"https:\/\/glomersa.com\/index.php\/wp-json\/wp\/v2\/types\/page"}],"author":[{"embeddable":true,"href":"https:\/\/glomersa.com\/index.php\/wp-json\/wp\/v2\/users\/1"}],"replies":[{"embeddable":true,"href":"https:\/\/glomersa.com\/index.php\/wp-json\/wp\/v2\/comments?post=6062"}],"version-history":[{"count":115,"href":"https:\/\/glomersa.com\/index.php\/wp-json\/wp\/v2\/pages\/6062\/revisions"}],"predecessor-version":[{"id":8615,"href":"https:\/\/glomersa.com\/index.php\/wp-json\/wp\/v2\/pages\/6062\/revisions\/8615"}],"wp:attachment":[{"href":"https:\/\/glomersa.com\/index.php\/wp-json\/wp\/v2\/media?parent=6062"}],"curies":[{"name":"wp","href":"https:\/\/api.w.org\/{rel}","templated":true}]}}