{"id":6927,"date":"2023-10-08T01:31:28","date_gmt":"2023-10-08T01:31:28","guid":{"rendered":"https:\/\/glomersa.com\/?page_id=6927"},"modified":"2024-10-01T20:07:11","modified_gmt":"2024-10-01T20:07:11","slug":"cria","status":"publish","type":"page","link":"https:\/\/glomersa.com\/index.php\/cria\/","title":{"rendered":"Cria"},"content":{"rendered":"\t\t<div data-elementor-type=\"wp-page\" data-elementor-id=\"6927\" class=\"elementor elementor-6927\">\n\t\t\t\t\t\t<section class=\"elementor-section elementor-top-section elementor-element elementor-element-f401ff2 elementor-section-full_width elementor-section-height-default elementor-section-height-default\" data-id=\"f401ff2\" data-element_type=\"section\" data-e-type=\"section\">\n\t\t\t\t\t\t<div class=\"elementor-container elementor-column-gap-no\">\n\t\t\t\t\t<div class=\"elementor-column elementor-col-100 elementor-top-column elementor-element elementor-element-073b7fd\" data-id=\"073b7fd\" data-element_type=\"column\" data-e-type=\"column\">\n\t\t\t<div class=\"elementor-widget-wrap\">\n\t\t\t\t\t\t\t<\/div>\n\t\t<\/div>\n\t\t\t\t\t<\/div>\n\t\t<\/section>\n\t\t\t\t<section class=\"elementor-section elementor-top-section elementor-element elementor-element-1bf83a0 elementor-section-full_width elementor-section-height-default elementor-section-height-default\" data-id=\"1bf83a0\" data-element_type=\"section\" data-e-type=\"section\">\n\t\t\t\t\t\t<div class=\"elementor-container elementor-column-gap-no\">\n\t\t\t\t\t<div class=\"elementor-column elementor-col-100 elementor-top-column elementor-element elementor-element-45d15e5\" data-id=\"45d15e5\" data-element_type=\"column\" data-e-type=\"column\">\n\t\t\t<div class=\"elementor-widget-wrap elementor-element-populated\">\n\t\t\t\t\t\t<div class=\"elementor-element elementor-element-d8e42de elementor-widget elementor-widget-image\" data-id=\"d8e42de\" data-element_type=\"widget\" data-e-type=\"widget\" data-widget_type=\"image.default\">\n\t\t\t\t<div class=\"elementor-widget-container\">\n\t\t\t\t\t\t\t\t\t\t\t\t\t\t\t<img fetchpriority=\"high\" decoding=\"async\" width=\"2560\" height=\"1294\" src=\"https:\/\/glomersa.com\/wp-content\/uploads\/2024\/09\/PORTADA-CRIA-1-scaled.jpg\" class=\"attachment-full size-full wp-image-7933\" alt=\"\" srcset=\"https:\/\/glomersa.com\/wp-content\/uploads\/2024\/09\/PORTADA-CRIA-1-scaled.jpg 2560w, https:\/\/glomersa.com\/wp-content\/uploads\/2024\/09\/PORTADA-CRIA-1-300x152.jpg 300w, https:\/\/glomersa.com\/wp-content\/uploads\/2024\/09\/PORTADA-CRIA-1-1024x518.jpg 1024w, https:\/\/glomersa.com\/wp-content\/uploads\/2024\/09\/PORTADA-CRIA-1-768x388.jpg 768w, https:\/\/glomersa.com\/wp-content\/uploads\/2024\/09\/PORTADA-CRIA-1-1536x777.jpg 1536w, https:\/\/glomersa.com\/wp-content\/uploads\/2024\/09\/PORTADA-CRIA-1-2048x1035.jpg 2048w, https:\/\/glomersa.com\/wp-content\/uploads\/2024\/09\/PORTADA-CRIA-1-600x303.jpg 600w\" sizes=\"(max-width: 2560px) 100vw, 2560px\" \/>\t\t\t\t\t\t\t\t\t\t\t\t\t\t\t<\/div>\n\t\t\t\t<\/div>\n\t\t\t\t\t<\/div>\n\t\t<\/div>\n\t\t\t\t\t<\/div>\n\t\t<\/section>\n\t\t\t\t<section class=\"elementor-section elementor-top-section elementor-element elementor-element-3eecdb8 elementor-section-boxed elementor-section-height-default elementor-section-height-default\" data-id=\"3eecdb8\" data-element_type=\"section\" data-e-type=\"section\">\n\t\t\t\t\t\t<div class=\"elementor-container elementor-column-gap-default\">\n\t\t\t\t\t<div class=\"elementor-column elementor-col-100 elementor-top-column elementor-element elementor-element-e1c5716\" data-id=\"e1c5716\" data-element_type=\"column\" data-e-type=\"column\">\n\t\t\t<div class=\"elementor-widget-wrap elementor-element-populated\">\n\t\t\t\t\t\t<div class=\"elementor-element elementor-element-0103cb4 elementor-widget elementor-widget-heading\" data-id=\"0103cb4\" data-element_type=\"widget\" data-e-type=\"widget\" data-widget_type=\"heading.default\">\n\t\t\t\t<div class=\"elementor-widget-container\">\n\t\t\t\t\t<h2 class=\"elementor-heading-title elementor-size-default\">ALIMENTO PARA CABALLOS DE <B><FONT COLOR=\"e72b37\">CR\u00edA <\/FONT>\n<br><\/h2>\t\t\t\t<\/div>\n\t\t\t\t<\/div>\n\t\t\t\t\t<\/div>\n\t\t<\/div>\n\t\t\t\t\t<\/div>\n\t\t<\/section>\n\t\t\t\t<section class=\"elementor-section elementor-top-section elementor-element elementor-element-e4913d0 elementor-section-boxed elementor-section-height-default elementor-section-height-default\" data-id=\"e4913d0\" data-element_type=\"section\" data-e-type=\"section\">\n\t\t\t\t\t\t<div class=\"elementor-container elementor-column-gap-default\">\n\t\t\t\t\t<div class=\"elementor-column elementor-col-100 elementor-top-column elementor-element elementor-element-ef3d9ae\" data-id=\"ef3d9ae\" data-element_type=\"column\" data-e-type=\"column\">\n\t\t\t<div class=\"elementor-widget-wrap elementor-element-populated\">\n\t\t\t\t\t\t<div class=\"elementor-element elementor-element-3a690af elementor-widget elementor-widget-text-editor\" data-id=\"3a690af\" data-element_type=\"widget\" data-e-type=\"widget\" data-widget_type=\"text-editor.default\">\n\t\t\t\t<div class=\"elementor-widget-container\">\n\t\t\t\t\t\t\t\t\t<p><span style=\"color: #ffffff;\">COLTS SUPER MIX<\/span><\/p>\t\t\t\t\t\t\t\t<\/div>\n\t\t\t\t<\/div>\n\t\t\t\t\t<\/div>\n\t\t<\/div>\n\t\t\t\t\t<\/div>\n\t\t<\/section>\n\t\t\t\t<section class=\"elementor-section elementor-top-section elementor-element elementor-element-fe64e88 elementor-section-boxed elementor-section-height-default elementor-section-height-default\" data-id=\"fe64e88\" data-element_type=\"section\" data-e-type=\"section\">\n\t\t\t\t\t\t<div class=\"elementor-container elementor-column-gap-default\">\n\t\t\t\t\t<div class=\"elementor-column elementor-col-50 elementor-top-column elementor-element elementor-element-a3b753e\" data-id=\"a3b753e\" data-element_type=\"column\" data-e-type=\"column\">\n\t\t\t<div class=\"elementor-widget-wrap elementor-element-populated\">\n\t\t\t\t\t\t<div class=\"elementor-element elementor-element-31a9d96 elementor-widget elementor-widget-image\" data-id=\"31a9d96\" data-element_type=\"widget\" data-e-type=\"widget\" data-widget_type=\"image.default\">\n\t\t\t\t<div class=\"elementor-widget-container\">\n\t\t\t\t\t\t\t\t\t\t\t\t\t\t\t\t<a href=\"https:\/\/glomersa.com\/wp-content\/uploads\/2024\/09\/super-mix-breeding.pdf\">\n\t\t\t\t\t\t\t<img decoding=\"async\" width=\"607\" height=\"756\" src=\"https:\/\/glomersa.com\/wp-content\/uploads\/2024\/09\/breeding-colts-super-mix.png\" class=\"attachment-large size-large wp-image-7804\" alt=\"\" srcset=\"https:\/\/glomersa.com\/wp-content\/uploads\/2024\/09\/breeding-colts-super-mix.png 607w, https:\/\/glomersa.com\/wp-content\/uploads\/2024\/09\/breeding-colts-super-mix-241x300.png 241w, https:\/\/glomersa.com\/wp-content\/uploads\/2024\/09\/breeding-colts-super-mix-600x747.png 600w\" sizes=\"(max-width: 607px) 100vw, 607px\" \/>\t\t\t\t\t\t\t\t<\/a>\n\t\t\t\t\t\t\t\t\t\t\t\t\t\t\t<\/div>\n\t\t\t\t<\/div>\n\t\t\t\t\t<\/div>\n\t\t<\/div>\n\t\t\t\t<div class=\"elementor-column elementor-col-50 elementor-top-column elementor-element elementor-element-8d81322\" data-id=\"8d81322\" data-element_type=\"column\" data-e-type=\"column\">\n\t\t\t<div class=\"elementor-widget-wrap elementor-element-populated\">\n\t\t\t\t\t\t<div class=\"elementor-element elementor-element-260c2c3 elementor-widget elementor-widget-text-editor\" data-id=\"260c2c3\" data-element_type=\"widget\" data-e-type=\"widget\" data-widget_type=\"text-editor.default\">\n\t\t\t\t<div class=\"elementor-widget-container\">\n\t\t\t\t\t\t\t\t\t<p>Alimento multipart\u00edcula de alta calidad, espec\u00edfico para el crecimiento de los potros hasta su edad adulta. Favorece el correcto desarrollo del potro debido a su equilibrado contenido en minerales, vitaminas y amino\u00e1cidos, que ayudan a madurar el sistema muscular, \u00f3seo, y articular de manera adecuada<br \/>aportando la energ\u00eda necesaria para\u00a0su\u00a0crecimiento.<\/p><p>Formato: 20Kg<\/p><p>COMPOSICI\u00d3N<\/p><p><span style=\"font-style: inherit; font-weight: inherit;\">Salvado de trigo, Avena negra, Copos de ma\u00edz&#8221;. Harina de forraje de alfalfa,<\/span><span style=\"font-style: inherit; font-weight: inherit;\">Cebada, Cloruro de sodio, Melaza de ca\u00f1a de az\u00facar.<\/span><\/p><p>\u00a0<\/p>\t\t\t\t\t\t\t\t<\/div>\n\t\t\t\t<\/div>\n\t\t\t\t\t<\/div>\n\t\t<\/div>\n\t\t\t\t\t<\/div>\n\t\t<\/section>\n\t\t\t\t<section class=\"elementor-section elementor-top-section elementor-element elementor-element-89a04ec elementor-section-boxed elementor-section-height-default elementor-section-height-default\" data-id=\"89a04ec\" data-element_type=\"section\" data-e-type=\"section\">\n\t\t\t\t\t\t<div class=\"elementor-container elementor-column-gap-default\">\n\t\t\t\t\t<div class=\"elementor-column elementor-col-100 elementor-top-column elementor-element elementor-element-f5c0233\" data-id=\"f5c0233\" data-element_type=\"column\" data-e-type=\"column\">\n\t\t\t<div class=\"elementor-widget-wrap elementor-element-populated\">\n\t\t\t\t\t\t<div class=\"elementor-element elementor-element-fc2cc45 elementor-align-center elementor-widget elementor-widget-button\" data-id=\"fc2cc45\" data-element_type=\"widget\" data-e-type=\"widget\" data-widget_type=\"button.default\">\n\t\t\t\t<div class=\"elementor-widget-container\">\n\t\t\t\t\t\t\t\t\t<div class=\"elementor-button-wrapper\">\n\t\t\t\t\t<a class=\"elementor-button elementor-button-link elementor-size-sm\" href=\"https:\/\/glomersa.com\/wp-content\/uploads\/2024\/10\/Tabla-de-disciplina.pdf\">\n\t\t\t\t\t\t<span class=\"elementor-button-content-wrapper\">\n\t\t\t\t\t\t\t\t\t<span class=\"elementor-button-text\">TABLA DE DISCIPLINA<\/span>\n\t\t\t\t\t<\/span>\n\t\t\t\t\t<\/a>\n\t\t\t\t<\/div>\n\t\t\t\t\t\t\t\t<\/div>\n\t\t\t\t<\/div>\n\t\t\t\t\t<\/div>\n\t\t<\/div>\n\t\t\t\t\t<\/div>\n\t\t<\/section>\n\t\t\t\t<\/div>\n\t\t","protected":false},"excerpt":{"rendered":"<p>ALIMENTO PARA CABALLOS DE CR\u00edA COLTS SUPER MIX Alimento multipart\u00edcula de alta calidad, espec\u00edfico para el crecimiento de los potros hasta su edad adulta. Favorece el correcto desarrollo del potro debido a su equilibrado contenido en minerales, vitaminas y amino\u00e1cidos, que ayudan a madurar el sistema muscular, \u00f3seo, y articular de manera adecuadaaportando la energ\u00eda [&hellip;]<\/p>\n","protected":false},"author":1,"featured_media":0,"parent":0,"menu_order":0,"comment_status":"closed","ping_status":"closed","template":"","meta":{"site-sidebar-layout":"no-sidebar","site-content-layout":"page-builder","ast-site-content-layout":"","site-content-style":"default","site-sidebar-style":"default","ast-global-header-display":"","ast-banner-title-visibility":"","ast-main-header-display":"","ast-hfb-above-header-display":"","ast-hfb-below-header-display":"","ast-hfb-mobile-header-display":"","site-post-title":"disabled","ast-breadcrumbs-content":"","ast-featured-img":"disabled","footer-sml-layout":"","theme-transparent-header-meta":"","adv-header-id-meta":"","stick-header-meta":"","header-above-stick-meta":"","header-main-stick-meta":"","header-below-stick-meta":"","astra-migrate-meta-layouts":"default","ast-page-background-enabled":"default","ast-page-background-meta":{"desktop":{"background-color":"","background-image":"","background-repeat":"repeat","background-position":"center center","background-size":"auto","background-attachment":"scroll","background-type":"","background-media":"","overlay-type":"","overlay-color":"","overlay-opacity":"","overlay-gradient":""},"tablet":{"background-color":"","background-image":"","background-repeat":"repeat","background-position":"center center","background-size":"auto","background-attachment":"scroll","background-type":"","background-media":"","overlay-type":"","overlay-color":"","overlay-opacity":"","overlay-gradient":""},"mobile":{"background-color":"","background-image":"","background-repeat":"repeat","background-position":"center center","background-size":"auto","background-attachment":"scroll","background-type":"","background-media":"","overlay-type":"","overlay-color":"","overlay-opacity":"","overlay-gradient":""}},"ast-content-background-meta":{"desktop":{"background-color":"var(--ast-global-color-5)","background-image":"","background-repeat":"repeat","background-position":"center center","background-size":"auto","background-attachment":"scroll","background-type":"","background-media":"","overlay-type":"","overlay-color":"","overlay-opacity":"","overlay-gradient":""},"tablet":{"background-color":"var(--ast-global-color-5)","background-image":"","background-repeat":"repeat","background-position":"center center","background-size":"auto","background-attachment":"scroll","background-type":"","background-media":"","overlay-type":"","overlay-color":"","overlay-opacity":"","overlay-gradient":""},"mobile":{"background-color":"var(--ast-global-color-5)","background-image":"","background-repeat":"repeat","background-position":"center center","background-size":"auto","background-attachment":"scroll","background-type":"","background-media":"","overlay-type":"","overlay-color":"","overlay-opacity":"","overlay-gradient":""}},"_joinchat":[],"footnotes":""},"class_list":["post-6927","page","type-page","status-publish","hentry"],"_links":{"self":[{"href":"https:\/\/glomersa.com\/index.php\/wp-json\/wp\/v2\/pages\/6927","targetHints":{"allow":["GET"]}}],"collection":[{"href":"https:\/\/glomersa.com\/index.php\/wp-json\/wp\/v2\/pages"}],"about":[{"href":"https:\/\/glomersa.com\/index.php\/wp-json\/wp\/v2\/types\/page"}],"author":[{"embeddable":true,"href":"https:\/\/glomersa.com\/index.php\/wp-json\/wp\/v2\/users\/1"}],"replies":[{"embeddable":true,"href":"https:\/\/glomersa.com\/index.php\/wp-json\/wp\/v2\/comments?post=6927"}],"version-history":[{"count":140,"href":"https:\/\/glomersa.com\/index.php\/wp-json\/wp\/v2\/pages\/6927\/revisions"}],"predecessor-version":[{"id":8618,"href":"https:\/\/glomersa.com\/index.php\/wp-json\/wp\/v2\/pages\/6927\/revisions\/8618"}],"wp:attachment":[{"href":"https:\/\/glomersa.com\/index.php\/wp-json\/wp\/v2\/media?parent=6927"}],"curies":[{"name":"wp","href":"https:\/\/api.w.org\/{rel}","templated":true}]}}